{"id":13,"date":"2021-05-23T10:51:01","date_gmt":"2021-05-23T10:51:01","guid":{"rendered":"https:\/\/wp.la-belle-isnarde.com\/?page_id=13"},"modified":"2026-05-01T11:01:05","modified_gmt":"2026-05-01T11:01:05","slug":"hotel-la-belle-isnarde-charmantes-boutique-hotel-in-saint-tropez","status":"publish","type":"page","link":"https:\/\/la-belle-isnarde.com\/de","title":{"rendered":"Welcome"},"content":{"rendered":"<div class=\"wpb-content-wrapper\"><p>[vc_row][vc_column]\n\t\t\t<!-- START Intro REVOLUTION SLIDER 6.7.38 --><p class=\"rs-p-wp-fix\"><\/p>\n\t\t\t<rs-module-wrap id=\"rev_slider_1_1_wrapper\" data-source=\"gallery\" style=\"visibility:hidden;background:transparent;padding:0;\">\n\t\t\t\t<rs-module id=\"rev_slider_1_1\" style=\"\" data-version=\"6.7.38\">\n\t\t\t\t\t<rs-slides style=\"overflow: hidden; position: absolute;\">\n\t\t\t\t\t\t<rs-slide style=\"position: absolute;\" data-key=\"rs-1\" data-title=\"St Tropez\"data-sba=\"f:true;b:true;\" data-invisible=\"true\" data-anim=\"adpr:false;\" data-in=\"o:0;\" data-out=\"a:false;\">\n\t\t\t\t\t\t\t<img decoding=\"async\" src=\"\/\/la-belle-isnarde.com\/wp-content\/plugins\/revslider\/sr6\/assets\/assets\/dummy.png\" alt=\"\" title=\"Bgd_St_Tropez\" width=\"1920\" height=\"1280\" class=\"rev-slidebg tp-rs-img rs-lazyload\" data-lazyload=\"\/\/wp.la-belle-isnarde.com\/wp-content\/uploads\/2021\/05\/Bgd_StTropez.jpg\" data-parallax=\"off\" data-panzoom=\"d:9000ms;e:power0.in;ss:110%;se:100%;\" data-no-retina>\n<!--\n\t\t\t\t\t\t\t--><rs-layer\n\t\t\t\t\t\t\t\tid=\"slider-1-slide-1-layer-0\" \n\t\t\t\t\t\t\t\tclass=\"rev-scroll-btn rev-b-span-dark\"\n\t\t\t\t\t\t\t\tdata-type=\"button\"\n\t\t\t\t\t\t\t\tdata-rsp_ch=\"on\"\n\t\t\t\t\t\t\t\tdata-xy=\"x:c;y:b;yo:65px,53px,40px,24px;\"\n\t\t\t\t\t\t\t\tdata-text=\"w:normal;s:17,14,10,6;l:20,16,12,7;ls:1,0,0,0;\"\n\t\t\t\t\t\t\t\tdata-dim=\"w:35px,28px,21px,12px;h:55px,45px,34px,20px;minw:35px,none,none,none;minh:55px,none,none,none;\"\n\t\t\t\t\t\t\t\tdata-actions='id:hotel;o:click;a:scrollto;sp:1000ms;e:power1.inOut;'\n\t\t\t\t\t\t\t\tdata-padding=\"t:22,18,14,9;r:14,12,9,6;b:22,18,14,9;l:14,12,9,6;\"\n\t\t\t\t\t\t\t\tdata-border=\"bos:solid;boc:rgba(255,255,255,0.75);bow:3px,3px,3px,3px;bor:23px,23px,23px,23px;\"\n\t\t\t\t\t\t\t\tdata-frame_999=\"o:0;st:w;\"\n\t\t\t\t\t\t\t\tstyle=\"z-index:5;background-color:#ffffff;font-family:'Roboto';text-transform:uppercase;\"\n\t\t\t\t\t\t\t><span><\/span><span><\/span><span><\/span> \n\t\t\t\t\t\t\t<\/rs-layer><!--\n-->\t\t\t\t\t<\/rs-slide>\n\t\t\t\t\t\t<rs-slide style=\"position: absolute;\" data-key=\"rs-11\" data-title=\"St Tropez\"data-sba=\"f:true;b:true;\" data-invisible=\"true\" data-anim=\"adpr:false;\" data-in=\"o:0;\" data-out=\"a:false;\">\n\t\t\t\t\t\t\t<img decoding=\"async\" src=\"\/\/la-belle-isnarde.com\/wp-content\/plugins\/revslider\/sr6\/assets\/assets\/dummy.png\" alt=\"\" title=\"Bgd_Saint_Tropez_01\" width=\"2200\" height=\"1369\" class=\"rev-slidebg tp-rs-img rs-lazyload\" data-lazyload=\"\/\/la-belle-isnarde.com\/wp-content\/uploads\/2023\/02\/Bgd_Saint_Tropez_01-1.jpg\" data-parallax=\"off\" data-panzoom=\"d:9000ms;e:power0.in;ss:110%;se:100%;\" data-no-retina>\n<!--\n\t\t\t\t\t\t\t--><rs-layer\n\t\t\t\t\t\t\t\tid=\"slider-1-slide-11-layer-0\" \n\t\t\t\t\t\t\t\tclass=\"rev-scroll-btn rev-b-span-dark\"\n\t\t\t\t\t\t\t\tdata-type=\"button\"\n\t\t\t\t\t\t\t\tdata-rsp_ch=\"on\"\n\t\t\t\t\t\t\t\tdata-xy=\"x:c;y:b;yo:65px,53px,40px,24px;\"\n\t\t\t\t\t\t\t\tdata-text=\"w:normal;s:17,14,10,6;l:20,16,12,7;ls:1,0,0,0;\"\n\t\t\t\t\t\t\t\tdata-dim=\"w:35px,28px,21px,12px;h:55px,45px,34px,20px;minw:35px,none,none,none;minh:55px,none,none,none;\"\n\t\t\t\t\t\t\t\tdata-actions='id:hotel;o:click;a:scrollto;sp:1000ms;e:power1.inOut;'\n\t\t\t\t\t\t\t\tdata-padding=\"t:22,18,14,9;r:14,12,9,6;b:22,18,14,9;l:14,12,9,6;\"\n\t\t\t\t\t\t\t\tdata-border=\"bos:solid;boc:rgba(255,255,255,0.75);bow:3px,3px,3px,3px;bor:23px,23px,23px,23px;\"\n\t\t\t\t\t\t\t\tdata-frame_999=\"o:0;st:w;\"\n\t\t\t\t\t\t\t\tstyle=\"z-index:5;background-color:#ffffff;font-family:'Roboto';text-transform:uppercase;\"\n\t\t\t\t\t\t\t><span><\/span><span><\/span><span><\/span> \n\t\t\t\t\t\t\t<\/rs-layer><!--\n-->\t\t\t\t\t<\/rs-slide>\n\t\t\t\t\t<\/rs-slides>\n\t\t\t\t<\/rs-module>\n\t\t\t\t<script>\n\t\t\t\t\tsetREVStartSize({c: 'rev_slider_1_1',rl:[1240,1024,778,480],el:[900,768,960,720],gw:[1240,1024,778,480],gh:[900,768,960,720],type:'standard',justify:'',layout:'fullscreen',offsetContainer:'',offset:'',mh:\"0\"});if (window.RS_MODULES!==undefined && window.RS_MODULES.modules!==undefined && window.RS_MODULES.modules[\"revslider11\"]!==undefined) {window.RS_MODULES.modules[\"revslider11\"].once = false;window.revapi1 = undefined;if (window.RS_MODULES.checkMinimal!==undefined) window.RS_MODULES.checkMinimal()}\n\t\t\t\t<\/script>\n\t\t\t<\/rs-module-wrap>\n\t\t\t<!-- END REVOLUTION SLIDER -->\n[\/vc_column][\/vc_row][vc_row el_id=&#8220;hotel&#8220;][vc_column][vc_empty_space height=&#8220;50px&#8220;][vc_row_inner][vc_column_inner][vc_custom_heading text=&#8220;Erleben Sie das traditionelle und urspr\u00fcngliche St. Tropez&#8220; font_container=&#8220;tag:h1|text_align:center|color:%23ffffff&#8220; google_fonts=&#8220;font_family:Niconne%3Aregular|font_style:400%20regular%3A400%3Anormal&#8220; css_animation=&#8220;zoomIn&#8220;][\/vc_column_inner][\/vc_row_inner][vc_empty_space height=&#8220;50px&#8220;][\/vc_column][\/vc_row][vc_row][vc_column width=&#8220;2\/3&#8243;][vc_images_carousel images=&#8220;129,122,92,94,114,123,113,112&#8243; img_size=&#8220;full&#8220; onclick=&#8220;kalium_lightbox&#8220; speed=&#8220;3500&#8243; autoplay=&#8220;yes&#8220; hide_pagination_control=&#8220;yes&#8220; wrap=&#8220;yes&#8220;][\/vc_column][vc_column width=&#8220;1\/3&#8243;][vc_custom_heading text=&#8220;UNSER HOTEL&#8220; font_container=&#8220;tag:h4|text_align:left|color:%23ffffff&#8220; use_theme_fonts=&#8220;yes&#8220; css_animation=&#8220;none&#8220;][vc_column_text css_animation=&#8220;none&#8220; css=&#8220;&#8220;]<\/p>\n<p class=\"\" data-start=\"257\" data-end=\"681\"><span style=\"color: #ffffff;\">Das charmante Hotel La Belle Isnarde ist seit den 1960er-Jahren ein privat gef\u00fchrtes Haus, eingebettet in eine wildromantische Parkanlage. In nur wenigen Gehminuten erreichen Sie den ber\u00fchmten Place des Lices mit seinen eleganten Boutiquen, gem\u00fctlichen Caf\u00e9s und dem legend\u00e4ren Yachthafen von Saint-Tropez. Den langen Sandstrand von Pampelonne, Heimat zahlreicher ikonischer Beach-Clubs, erreichen Sie in nur 10 Autominuten.<\/span><\/p>\n<p class=\"\" data-start=\"683\" data-end=\"869\"><span style=\"color: #ffffff;\">Das Hotel bietet 11 individuell gestaltete Zimmer, jeweils mit eigenem Bad und WC. Vier dieser Zimmer sind mit einer Klimaanlage ausgestattet, die \u00fcbrigen verf\u00fcgen \u00fcber einen Ventilator.<\/span><\/p>\n<p class=\"\" data-start=\"871\" data-end=\"949\"><span style=\"color: #ffffff;\">F\u00fcr Ihre Sicherheit werden der Hoteleingang sowie die Zufahrt kamera\u00fcberwacht.<\/span><\/p>\n<p class=\"\" data-start=\"951\" data-end=\"1085\"><span style=\"color: #ffffff;\">Wir haben f\u00fcr Sie vom Osterwochenende bis zum 10. Oktober ge\u00f6ffnet \u2013 auf Anfrage auch w\u00e4hrend der &#8222;Braderie Trop\u00e9zienne&#8220; Ende Oktober.<\/span><\/p>\n<p>[\/vc_column_text][\/vc_column][\/vc_row][vc_row el_id=&#8220;rooms&#8220;][vc_column][vc_empty_space height=&#8220;50px&#8220;][\/vc_column][\/vc_row][vc_row][vc_column width=&#8220;2\/3&#8243;][vc_images_carousel images=&#8220;65,64,63,62,61,60,59&#8243; img_size=&#8220;full&#8220; onclick=&#8220;kalium_lightbox&#8220; speed=&#8220;4000&#8243; autoplay=&#8220;yes&#8220; hide_pagination_control=&#8220;yes&#8220; wrap=&#8220;yes&#8220;][\/vc_column][vc_column width=&#8220;1\/3&#8243;][vc_custom_heading text=&#8220;UNSERE ZIMMER&#8220; font_container=&#8220;tag:h4|text_align:left|color:%23ffffff&#8220; use_theme_fonts=&#8220;yes&#8220; css_animation=&#8220;none&#8220;][vc_column_text css_animation=&#8220;none&#8220; css=&#8220;&#8220;]<\/p>\n<p class=\"\" data-start=\"1109\" data-end=\"1291\"><span style=\"color: #ffffff;\">Unsere 11 Zimmer sind individuell und mit viel Liebe zum Detail gestaltet.<\/span><br data-start=\"1183\" data-end=\"1186\"><span style=\"color: #ffffff;\">Neun der Zimmer bieten den Komfort einer Klimaanlage, die \u00fcbrigen sind mit einem Ventilator ausgestattet.<\/span><\/p>\n<p>[\/vc_column_text][\/vc_column][\/vc_row][vc_row el_id=&#8220;rates&#8220;][vc_column][vc_empty_space height=&#8220;50px&#8220;][\/vc_column][\/vc_row][vc_row][vc_column width=&#8220;1\/3&#8243;][vc_custom_heading text=&#8220;PREISE 2025&#8243; font_container=&#8220;tag:h4|text_align:left|color:%23ffffff&#8220; use_theme_fonts=&#8220;yes&#8220; css_animation=&#8220;none&#8220; css=&#8220;&#8220;][vc_column_text css_animation=&#8220;none&#8220; css=&#8220;&#8220;]<\/p>\n<ul data-start=\"2025\" data-end=\"2288\">\n<li class=\"\" data-start=\"2025\" data-end=\"2097\">\n<p class=\"\" data-start=\"2027\" data-end=\"2097\"><span style=\"color: #ffffff;\">Preis pro Zimmer f\u00fcr 1 oder 2 Personen: <strong data-start=\"2067\" data-end=\"2086\">150\u202f\u20ac bis 170\u202f\u20ac<\/strong> pro Nacht.<\/span><\/p>\n<\/li>\n<li class=\"\" data-start=\"2098\" data-end=\"2147\">\n<p class=\"\" data-start=\"2100\" data-end=\"2147\"><span style=\"color: #ffffff;\">Hospitality Tax: <strong data-start=\"2117\" data-end=\"2127\">6,91\u202f\u20ac<\/strong> pro Tag und Person.<\/span><\/p>\n<\/li>\n<li class=\"\" data-start=\"2148\" data-end=\"2227\">\n<p class=\"\" data-start=\"2150\" data-end=\"2227\"><span style=\"color: #ffffff;\">Kontinentales Fr\u00fchst\u00fcck auf der Terrasse oder im Zimmer: <strong data-start=\"2207\" data-end=\"2215\">18\u202f\u20ac<\/strong> pro Person.<\/span><\/p>\n<\/li>\n<li class=\"\" data-start=\"2228\" data-end=\"2254\">\n<p class=\"\" data-start=\"2230\" data-end=\"2254\"><span style=\"color: #ffffff;\">Babybett: <strong data-start=\"2240\" data-end=\"2253\">kostenlos<\/strong>.<\/span><\/p>\n<\/li>\n<li class=\"\" data-start=\"2255\" data-end=\"2288\">\n<p class=\"\" data-start=\"2257\" data-end=\"2288\"><span style=\"color: #ffffff;\">Zusatzbett: <strong data-start=\"2269\" data-end=\"2277\">40\u202f\u20ac<\/strong> pro Nacht.<\/span><\/p>\n<\/li>\n<\/ul>\n<p class=\"\" data-start=\"2290\" data-end=\"2342\"><span style=\"color: #ffffff;\">Alle Preise verstehen sich inklusive Mehrwertsteuer.<\/span><\/p>\n<p>[\/vc_column_text][vc_custom_heading text=&#8220;EXTRAS&#8220; font_container=&#8220;tag:h4|text_align:left|color:%23ffffff&#8220; use_theme_fonts=&#8220;yes&#8220; css_animation=&#8220;none&#8220;][vc_column_text css=&#8220;&#8220;]<\/p>\n<ul>\n<li class=\"\" data-start=\"1821\" data-end=\"1915\">\n<p class=\"\" data-start=\"1823\" data-end=\"1915\"><span style=\"color: #ffffff;\">Kostenloser Parkplatz auf dem Grundst\u00fcck \u2013 ausschlie\u00dflich f\u00fcr Hotelg\u00e4ste bis zum Abreisetag.<\/span><\/p>\n<\/li>\n<li class=\"\" data-start=\"1916\" data-end=\"1955\">\n<p class=\"\" data-start=\"1918\" data-end=\"1955\"><span style=\"color: #ffffff;\">Gratis WLAN im gesamten Hotelbereich.<\/span><\/p>\n<\/li>\n<li class=\"\" data-start=\"1956\" data-end=\"2003\">\n<p class=\"\" data-start=\"1958\" data-end=\"2003\"><span style=\"color: #ffffff;\">Kleine Haustiere sind auf Anfrage willkommen.<\/span><\/p>\n<\/li>\n<\/ul>\n<p>[\/vc_column_text][\/vc_column][vc_column width=&#8220;1\/3&#8243;][vc_custom_heading text=&#8220;Reservierungsbedingungen&#8220; font_container=&#8220;tag:h4|text_align:left|color:%23ffffff&#8220; use_theme_fonts=&#8220;yes&#8220; css_animation=&#8220;none&#8220;][vc_column_text css_animation=&#8220;none&#8220; css=&#8220;&#8220;]<\/p>\n<ul data-start=\"1326\" data-end=\"1804\">\n<li class=\"\" data-start=\"1326\" data-end=\"1422\">\n<p class=\"\" data-start=\"1328\" data-end=\"1422\"><span style=\"color: #ffffff;\">Die Zimmervermietung erfolgt auf t\u00e4glicher Basis: Anreise ab 15:00 Uhr, Abreise bis 11:30 Uhr.<\/span><\/p>\n<\/li>\n<li data-start=\"1326\" data-end=\"1422\"><span style=\"color: #ffffff;\">Bitte teilen Sie uns bei der Reservierung mit, falls Sie ein Zimmer mit Klimaanlage w\u00fcnschen. Die Vergabe erfolgt je nach Verf\u00fcgbarkeit.<\/span><\/li>\n<li class=\"\" data-start=\"1423\" data-end=\"1482\">\n<p class=\"\" data-start=\"1425\" data-end=\"1482\"><span style=\"color: #ffffff;\">Bitte informieren Sie uns vorab, falls Sie sp\u00e4t anreisen.<\/span><\/p>\n<\/li>\n<li class=\"\" data-start=\"1483\" data-end=\"1546\">\n<p class=\"\" data-start=\"1485\" data-end=\"1546\"><span style=\"color: #ffffff;\">Ihre Reservierung wird mit Eingang der Anzahlung verbindlich.<\/span><\/p>\n<\/li>\n<li class=\"\" data-start=\"1547\" data-end=\"1634\">\n<p class=\"\" data-start=\"1549\" data-end=\"1634\"><span style=\"color: #ffffff;\">Bei Aufenthalten von 1 bis 3 N\u00e4chten entspricht die Anzahlung den Kosten einer Nacht.<\/span><\/p>\n<\/li>\n<li class=\"\" data-start=\"1635\" data-end=\"1712\">\n<p class=\"\" data-start=\"1637\" data-end=\"1712\"><span style=\"color: #ffffff;\">Bei Aufenthalten ab 4 N\u00e4chten betr\u00e4gt die Anzahlung 30\u202f% des Gesamtbetrags.<\/span><\/p>\n<\/li>\n<li class=\"\" data-start=\"1713\" data-end=\"1804\">\n<p class=\"\" data-start=\"1715\" data-end=\"1804\"><span style=\"color: #ffffff;\">Nach Eingang der Anzahlung erhalten Sie eine schriftliche Buchungsbest\u00e4tigung per E-Mail.<\/span><\/p>\n<\/li>\n<\/ul>\n<p>[\/vc_column_text][vc_custom_heading text=&#8220;Zahlungsbedingungen&#8220; font_container=&#8220;tag:h4|text_align:left|color:%23ffffff&#8220; use_theme_fonts=&#8220;yes&#8220; css_animation=&#8220;none&#8220;][vc_column_text css=&#8220;&#8220;]<\/p>\n<ul>\n<li><span style=\"color: #ffffff;\">Zahlung ausschlie\u00dflich <strong>in bar und in Euro<\/strong> m\u00f6glich.<\/span><\/li>\n<li><span style=\"color: #ffffff;\">Kreditkarten werden nicht akzeptiert.<\/span><\/li>\n<li><span style=\"color: #ffffff;\">\u00dcberweisungen sind vor Anreise m\u00f6glich.<\/span><\/li>\n<\/ul>\n<p>[\/vc_column_text][\/vc_column][vc_column width=&#8220;1\/3&#8243;][vc_custom_heading text=&#8220;STORNIERUNGSBEDINGUNGEN&#8220; font_container=&#8220;tag:h4|text_align:left|color:%23ffffff&#8220; use_theme_fonts=&#8220;yes&#8220; css_animation=&#8220;none&#8220;][vc_column_text css_animation=&#8220;none&#8220; css=&#8220;&#8220;]<\/p>\n<ul data-start=\"2533\" data-end=\"2908\">\n<li class=\"\" data-start=\"2533\" data-end=\"2598\">\n<p class=\"\" data-start=\"2535\" data-end=\"2598\"><span style=\"color: #ffffff;\">Stornierungen m\u00fcssen schriftlich per E-Mail oder Post erfolgen.<\/span><\/p>\n<\/li>\n<li class=\"\" data-start=\"2599\" data-end=\"2652\">\n<p class=\"\" data-start=\"2601\" data-end=\"2652\"><span style=\"color: #ffffff;\">Eine Umbuchung auf das Folgejahr ist nicht m\u00f6glich.<\/span><\/p>\n<\/li>\n<li class=\"\" data-start=\"2653\" data-end=\"2734\">\n<p class=\"\" data-start=\"2655\" data-end=\"2734\"><span style=\"color: #ffffff;\"><strong data-start=\"2655\" data-end=\"2679\">100\u202f% R\u00fcckerstattung<\/strong> der Anzahlung bei Stornierung bis 15 Tage vor Anreise.<\/span><\/p>\n<\/li>\n<li class=\"\" data-start=\"2735\" data-end=\"2817\">\n<p class=\"\" data-start=\"2737\" data-end=\"2817\"><span style=\"color: #ffffff;\"><strong data-start=\"2737\" data-end=\"2761\">Keine R\u00fcckerstattung<\/strong> der Anzahlung bei Stornierungen ab 15 Tage vor Anreise.<\/span><\/p>\n<\/li>\n<li class=\"\" data-start=\"2818\" data-end=\"2908\">\n<p class=\"\" data-start=\"2820\" data-end=\"2908\"><span style=\"color: #ffffff;\">Bei vorzeitiger Abreise werden <strong data-start=\"2851\" data-end=\"2886\">100\u202f% des gebuchten Aufenthalts<\/strong> in Rechnung gestellt.<\/span><\/p>\n<\/li>\n<\/ul>\n<p>[\/vc_column_text][\/vc_column][\/vc_row][vc_row el_id=&#8220;contact&#8220;][vc_column][vc_empty_space height=&#8220;50px&#8220;][\/vc_column][\/vc_row][vc_row][vc_column width=&#8220;2\/3&#8243;][vc_gmaps link=&#8220;#E-8_JTNDaWZyYW1lJTIwc3JjJTNEJTIyaHR0cHMlM0ElMkYlMkZ3d3cuZ29vZ2xlLmNvbSUyRm1hcHMlMkZlbWJlZCUzRnBiJTNEJTIxMW0xNCUyMTFtOCUyMTFtMyUyMTFkMTE2MjEuMjg1MDQzNDAwNzU4JTIxMmQ2LjY0NjIwMiUyMTNkNDMuMjY1NjQ1JTIxM20yJTIxMWkxMDI0JTIxMmk3NjglMjE0ZjEzLjElMjEzbTMlMjExbTIlMjExczB4MCUyNTNBMHgzNTczMTI2NTZhMWI1YTRjJTIxMnNIb3RlbCUyNTIwTGElMjUyMEJlbGxlJTI1MjBJc25hcmRlJTIxNWUwJTIxM20yJTIxMXNkZSUyMTJzZGUlMjE0djE2MjE4ODk2ODQyNTYlMjE1bTIlMjExc2RlJTIxMnNkZSUyMiUyMHdpZHRoJTNEJTIyNjAwJTIyJTIwaGVpZ2h0JTNEJTIyNDUwJTIyJTIwc3R5bGUlM0QlMjJib3JkZXIlM0EwJTNCJTIyJTIwYWxsb3dmdWxsc2NyZWVuJTNEJTIyJTIyJTIwbG9hZGluZyUzRCUyMmxhenklMjIlM0UlM0MlMkZpZnJhbWUlM0U=&#8220;][\/vc_column][vc_column width=&#8220;1\/3&#8243;][vc_custom_heading text=&#8220;KONTAKT&#8220; font_container=&#8220;tag:h4|text_align:left|color:%23ffffff&#8220; use_theme_fonts=&#8220;yes&#8220; css_animation=&#8220;none&#8220;][vc_column_text css=&#8220;&#8220;]<span style=\"color: #ffffff;\"><strong>HOTEL LA BELLE ISNARDE<\/strong><\/span><br \/>\n<span style=\"color: #ffffff;\">Madame Christine Robert<\/span><br \/>\n<span style=\"color: #ffffff;\">29 Chemin de La Belle Isnarde<\/span><br \/>\n<span style=\"color: #ffffff;\">83990 Saint-Tropez, Frankreich<\/span><br \/>\n<span style=\"color: #ffffff;\">Telefon: +33 4 94 97 13 64<\/span><br \/>\n<span style=\"color: #ffffff;\">E-Mail: info@hotel-labelleisnarde.com<\/span>[\/vc_column_text][\/vc_column][\/vc_row]<\/p>\n<\/div>","protected":false},"excerpt":{"rendered":"<p>[vc_row][vc_column][\/vc_column][\/vc_row][vc_row el_id=&#8220;hotel&#8220;][vc_column][vc_empty_space height=&#8220;50px&#8220;][vc_row_inner][vc_column_inner][vc_custom_heading text=&#8220;Erleben Sie das traditionelle und urspr\u00fcngliche St. Tropez&#8220; font_container=&#8220;tag:h1|text_align:center|color:%23ffffff&#8220; google_fonts=&#8220;font_family:Niconne%3Aregular|font_style:400%20regular%3A400%3Anormal&#8220; css_animation=&#8220;zoomIn&#8220;][\/vc_column_inner][\/vc_row_inner][vc_empty_space height=&#8220;50px&#8220;][\/vc_column][\/vc_row][vc_row][vc_column width=&#8220;2\/3&#8243;][vc_images_carousel images=&#8220;129,122,92,94,114,123,113,112&#8243; img_size=&#8220;full&#8220; onclick=&#8220;kalium_lightbox&#8220; speed=&#8220;3500&#8243; autoplay=&#8220;yes&#8220; hide_pagination_control=&#8220;yes&#8220; wrap=&#8220;yes&#8220;][\/vc_column][vc_column width=&#8220;1\/3&#8243;][vc_custom_heading text=&#8220;UNSER HOTEL&#8220; font_container=&#8220;tag:h4|text_align:left|color:%23ffffff&#8220; use_theme_fonts=&#8220;yes&#8220; css_animation=&#8220;none&#8220;][vc_column_text css_animation=&#8220;none&#8220; css=&#8220;&#8220;] Das charmante Hotel La Belle Isnarde ist seit den 1960er-Jahren ein privat gef\u00fchrtes Haus, eingebettet in eine wildromantische Parkanlage. In nur wenigen Gehminuten erreichen&hellip;<\/p>\n","protected":false},"author":1,"featured_media":0,"parent":0,"menu_order":0,"comment_status":"closed","ping_status":"closed","template":"","meta":{"_acf_changed":false,"footnotes":""},"class_list":["post-13","page","type-page","status-publish","hentry"],"acf":[],"yoast_head":"<!-- This site is optimized with the Yoast SEO plugin v27.5 - https:\/\/yoast.com\/product\/yoast-seo-wordpress\/ -->\n<title>Hotel La Belle Isnarde \u2013 Ihr charmantes Hotel in Saint-Tropez<\/title>\n<meta name=\"description\" content=\"Entdecken Sie das Hotel La Belle Isnarde in Saint-Tropez: stilvolle Zimmer, Parkanlage, kostenlose Parkpl\u00e4tze, WLAN. In wenigen Minuten am Hafen oder Strand!\" \/>\n<meta name=\"robots\" content=\"index, follow, max-snippet:-1, max-image-preview:large, max-video-preview:-1\" \/>\n<link rel=\"canonical\" href=\"https:\/\/la-belle-isnarde.com\/de\" \/>\n<meta property=\"og:locale\" content=\"de_DE\" \/>\n<meta property=\"og:type\" content=\"article\" \/>\n<meta property=\"og:title\" content=\"Hotel La Belle Isnarde \u2013 Ihr charmantes Hotel in Saint-Tropez\" \/>\n<meta property=\"og:description\" content=\"Entdecken Sie das Hotel La Belle Isnarde in Saint-Tropez: stilvolle Zimmer, Parkanlage, kostenlose Parkpl\u00e4tze, WLAN. In wenigen Minuten am Hafen oder Strand!\" \/>\n<meta property=\"og:url\" content=\"https:\/\/la-belle-isnarde.com\/de\" \/>\n<meta property=\"og:site_name\" content=\"Hotel La Belle Isnarde\" \/>\n<meta property=\"article:modified_time\" content=\"2026-05-01T11:01:05+00:00\" \/>\n<meta name=\"twitter:card\" content=\"summary_large_image\" \/>\n<meta name=\"twitter:label1\" content=\"Gesch\u00e4tzte Lesezeit\" \/>\n\t<meta name=\"twitter:data1\" content=\"3\u00a0Minuten\" \/>\n<script type=\"application\/ld+json\" class=\"yoast-schema-graph\">{\"@context\":\"https:\\\/\\\/schema.org\",\"@graph\":[{\"@type\":\"WebPage\",\"@id\":\"https:\\\/\\\/la-belle-isnarde.com\\\/de\",\"url\":\"https:\\\/\\\/la-belle-isnarde.com\\\/de\",\"name\":\"Hotel La Belle Isnarde \u2013 Ihr charmantes Hotel in Saint-Tropez\",\"isPartOf\":{\"@id\":\"https:\\\/\\\/la-belle-isnarde.com\\\/de#website\"},\"datePublished\":\"2021-05-23T10:51:01+00:00\",\"dateModified\":\"2026-05-01T11:01:05+00:00\",\"description\":\"Entdecken Sie das Hotel La Belle Isnarde in Saint-Tropez: stilvolle Zimmer, Parkanlage, kostenlose Parkpl\u00e4tze, WLAN. In wenigen Minuten am Hafen oder Strand!\",\"breadcrumb\":{\"@id\":\"https:\\\/\\\/la-belle-isnarde.com\\\/de#breadcrumb\"},\"inLanguage\":\"de\",\"potentialAction\":[{\"@type\":\"ReadAction\",\"target\":[\"https:\\\/\\\/la-belle-isnarde.com\\\/de\"]}]},{\"@type\":\"BreadcrumbList\",\"@id\":\"https:\\\/\\\/la-belle-isnarde.com\\\/de#breadcrumb\",\"itemListElement\":[{\"@type\":\"ListItem\",\"position\":1,\"name\":\"Startseite\",\"item\":\"https:\\\/\\\/la-belle-isnarde.com\\\/de\"},{\"@type\":\"ListItem\",\"position\":2,\"name\":\"Welcome\"}]},{\"@type\":\"WebSite\",\"@id\":\"https:\\\/\\\/la-belle-isnarde.com\\\/de#website\",\"url\":\"https:\\\/\\\/la-belle-isnarde.com\\\/de\",\"name\":\"Hotel La Belle Isnarde\",\"description\":\"\",\"potentialAction\":[{\"@type\":\"SearchAction\",\"target\":{\"@type\":\"EntryPoint\",\"urlTemplate\":\"https:\\\/\\\/la-belle-isnarde.com\\\/de?s={search_term_string}\"},\"query-input\":{\"@type\":\"PropertyValueSpecification\",\"valueRequired\":true,\"valueName\":\"search_term_string\"}}],\"inLanguage\":\"de\"}]}<\/script>\n<!-- \/ Yoast SEO plugin. -->","yoast_head_json":{"title":"Hotel La Belle Isnarde \u2013 Ihr charmantes Hotel in Saint-Tropez","description":"Entdecken Sie das Hotel La Belle Isnarde in Saint-Tropez: stilvolle Zimmer, Parkanlage, kostenlose Parkpl\u00e4tze, WLAN. In wenigen Minuten am Hafen oder Strand!","robots":{"index":"index","follow":"follow","max-snippet":"max-snippet:-1","max-image-preview":"max-image-preview:large","max-video-preview":"max-video-preview:-1"},"canonical":"https:\/\/la-belle-isnarde.com\/de","og_locale":"de_DE","og_type":"article","og_title":"Hotel La Belle Isnarde \u2013 Ihr charmantes Hotel in Saint-Tropez","og_description":"Entdecken Sie das Hotel La Belle Isnarde in Saint-Tropez: stilvolle Zimmer, Parkanlage, kostenlose Parkpl\u00e4tze, WLAN. In wenigen Minuten am Hafen oder Strand!","og_url":"https:\/\/la-belle-isnarde.com\/de","og_site_name":"Hotel La Belle Isnarde","article_modified_time":"2026-05-01T11:01:05+00:00","twitter_card":"summary_large_image","twitter_misc":{"Gesch\u00e4tzte Lesezeit":"3\u00a0Minuten"},"schema":{"@context":"https:\/\/schema.org","@graph":[{"@type":"WebPage","@id":"https:\/\/la-belle-isnarde.com\/de","url":"https:\/\/la-belle-isnarde.com\/de","name":"Hotel La Belle Isnarde \u2013 Ihr charmantes Hotel in Saint-Tropez","isPartOf":{"@id":"https:\/\/la-belle-isnarde.com\/de#website"},"datePublished":"2021-05-23T10:51:01+00:00","dateModified":"2026-05-01T11:01:05+00:00","description":"Entdecken Sie das Hotel La Belle Isnarde in Saint-Tropez: stilvolle Zimmer, Parkanlage, kostenlose Parkpl\u00e4tze, WLAN. In wenigen Minuten am Hafen oder Strand!","breadcrumb":{"@id":"https:\/\/la-belle-isnarde.com\/de#breadcrumb"},"inLanguage":"de","potentialAction":[{"@type":"ReadAction","target":["https:\/\/la-belle-isnarde.com\/de"]}]},{"@type":"BreadcrumbList","@id":"https:\/\/la-belle-isnarde.com\/de#breadcrumb","itemListElement":[{"@type":"ListItem","position":1,"name":"Startseite","item":"https:\/\/la-belle-isnarde.com\/de"},{"@type":"ListItem","position":2,"name":"Welcome"}]},{"@type":"WebSite","@id":"https:\/\/la-belle-isnarde.com\/de#website","url":"https:\/\/la-belle-isnarde.com\/de","name":"Hotel La Belle Isnarde","description":"","potentialAction":[{"@type":"SearchAction","target":{"@type":"EntryPoint","urlTemplate":"https:\/\/la-belle-isnarde.com\/de?s={search_term_string}"},"query-input":{"@type":"PropertyValueSpecification","valueRequired":true,"valueName":"search_term_string"}}],"inLanguage":"de"}]}},"_links":{"self":[{"href":"https:\/\/la-belle-isnarde.com\/de\/wp-json\/wp\/v2\/pages\/13","targetHints":{"allow":["GET"]}}],"collection":[{"href":"https:\/\/la-belle-isnarde.com\/de\/wp-json\/wp\/v2\/pages"}],"about":[{"href":"https:\/\/la-belle-isnarde.com\/de\/wp-json\/wp\/v2\/types\/page"}],"author":[{"embeddable":true,"href":"https:\/\/la-belle-isnarde.com\/de\/wp-json\/wp\/v2\/users\/1"}],"replies":[{"embeddable":true,"href":"https:\/\/la-belle-isnarde.com\/de\/wp-json\/wp\/v2\/comments?post=13"}],"version-history":[{"count":141,"href":"https:\/\/la-belle-isnarde.com\/de\/wp-json\/wp\/v2\/pages\/13\/revisions"}],"predecessor-version":[{"id":434,"href":"https:\/\/la-belle-isnarde.com\/de\/wp-json\/wp\/v2\/pages\/13\/revisions\/434"}],"wp:attachment":[{"href":"https:\/\/la-belle-isnarde.com\/de\/wp-json\/wp\/v2\/media?parent=13"}],"curies":[{"name":"wp","href":"https:\/\/api.w.org\/{rel}","templated":true}]}}