{"id":211,"date":"2021-06-21T19:06:46","date_gmt":"2021-06-21T19:06:46","guid":{"rendered":"https:\/\/la-belle-isnarde.com\/?page_id=211"},"modified":"2026-05-01T11:00:18","modified_gmt":"2026-05-01T11:00:18","slug":"hotel-la-belle-isnarde-charme-et-confort-au-coeur-de-saint-tropez","status":"publish","type":"page","link":"https:\/\/la-belle-isnarde.com\/fr","title":{"rendered":"Welcome"},"content":{"rendered":"<div class=\"wpb-content-wrapper\"><p>[vc_row][vc_column]\n\t\t\t<!-- START Intro REVOLUTION SLIDER 6.7.38 --><p class=\"rs-p-wp-fix\"><\/p>\n\t\t\t<rs-module-wrap id=\"rev_slider_1_1_wrapper\" data-source=\"gallery\" style=\"visibility:hidden;background:transparent;padding:0;\">\n\t\t\t\t<rs-module id=\"rev_slider_1_1\" style=\"\" data-version=\"6.7.38\">\n\t\t\t\t\t<rs-slides style=\"overflow: hidden; position: absolute;\">\n\t\t\t\t\t\t<rs-slide style=\"position: absolute;\" data-key=\"rs-1\" data-title=\"St Tropez\"data-sba=\"f:true;b:true;\" data-invisible=\"true\" data-anim=\"adpr:false;\" data-in=\"o:0;\" data-out=\"a:false;\">\n\t\t\t\t\t\t\t<img decoding=\"async\" src=\"\/\/la-belle-isnarde.com\/wp-content\/plugins\/revslider\/sr6\/assets\/assets\/dummy.png\" alt=\"\" title=\"Bgd_St_Tropez\" width=\"1920\" height=\"1280\" class=\"rev-slidebg tp-rs-img rs-lazyload\" data-lazyload=\"\/\/wp.la-belle-isnarde.com\/wp-content\/uploads\/2021\/05\/Bgd_StTropez.jpg\" data-parallax=\"off\" data-panzoom=\"d:9000ms;e:power0.in;ss:110%;se:100%;\" data-no-retina>\n<!--\n\t\t\t\t\t\t\t--><rs-layer\n\t\t\t\t\t\t\t\tid=\"slider-1-slide-1-layer-0\" \n\t\t\t\t\t\t\t\tclass=\"rev-scroll-btn rev-b-span-dark\"\n\t\t\t\t\t\t\t\tdata-type=\"button\"\n\t\t\t\t\t\t\t\tdata-rsp_ch=\"on\"\n\t\t\t\t\t\t\t\tdata-xy=\"x:c;y:b;yo:65px,53px,40px,24px;\"\n\t\t\t\t\t\t\t\tdata-text=\"w:normal;s:17,14,10,6;l:20,16,12,7;ls:1,0,0,0;\"\n\t\t\t\t\t\t\t\tdata-dim=\"w:35px,28px,21px,12px;h:55px,45px,34px,20px;minw:35px,none,none,none;minh:55px,none,none,none;\"\n\t\t\t\t\t\t\t\tdata-actions='id:hotel;o:click;a:scrollto;sp:1000ms;e:power1.inOut;'\n\t\t\t\t\t\t\t\tdata-padding=\"t:22,18,14,9;r:14,12,9,6;b:22,18,14,9;l:14,12,9,6;\"\n\t\t\t\t\t\t\t\tdata-border=\"bos:solid;boc:rgba(255,255,255,0.75);bow:3px,3px,3px,3px;bor:23px,23px,23px,23px;\"\n\t\t\t\t\t\t\t\tdata-frame_999=\"o:0;st:w;\"\n\t\t\t\t\t\t\t\tstyle=\"z-index:5;background-color:#ffffff;font-family:'Roboto';text-transform:uppercase;\"\n\t\t\t\t\t\t\t><span><\/span><span><\/span><span><\/span> \n\t\t\t\t\t\t\t<\/rs-layer><!--\n-->\t\t\t\t\t<\/rs-slide>\n\t\t\t\t\t\t<rs-slide style=\"position: absolute;\" data-key=\"rs-11\" data-title=\"St Tropez\"data-sba=\"f:true;b:true;\" data-invisible=\"true\" data-anim=\"adpr:false;\" data-in=\"o:0;\" data-out=\"a:false;\">\n\t\t\t\t\t\t\t<img decoding=\"async\" src=\"\/\/la-belle-isnarde.com\/wp-content\/plugins\/revslider\/sr6\/assets\/assets\/dummy.png\" alt=\"\" title=\"Bgd_Saint_Tropez_01\" width=\"2200\" height=\"1369\" class=\"rev-slidebg tp-rs-img rs-lazyload\" data-lazyload=\"\/\/la-belle-isnarde.com\/wp-content\/uploads\/2023\/02\/Bgd_Saint_Tropez_01-1.jpg\" data-parallax=\"off\" data-panzoom=\"d:9000ms;e:power0.in;ss:110%;se:100%;\" data-no-retina>\n<!--\n\t\t\t\t\t\t\t--><rs-layer\n\t\t\t\t\t\t\t\tid=\"slider-1-slide-11-layer-0\" \n\t\t\t\t\t\t\t\tclass=\"rev-scroll-btn rev-b-span-dark\"\n\t\t\t\t\t\t\t\tdata-type=\"button\"\n\t\t\t\t\t\t\t\tdata-rsp_ch=\"on\"\n\t\t\t\t\t\t\t\tdata-xy=\"x:c;y:b;yo:65px,53px,40px,24px;\"\n\t\t\t\t\t\t\t\tdata-text=\"w:normal;s:17,14,10,6;l:20,16,12,7;ls:1,0,0,0;\"\n\t\t\t\t\t\t\t\tdata-dim=\"w:35px,28px,21px,12px;h:55px,45px,34px,20px;minw:35px,none,none,none;minh:55px,none,none,none;\"\n\t\t\t\t\t\t\t\tdata-actions='id:hotel;o:click;a:scrollto;sp:1000ms;e:power1.inOut;'\n\t\t\t\t\t\t\t\tdata-padding=\"t:22,18,14,9;r:14,12,9,6;b:22,18,14,9;l:14,12,9,6;\"\n\t\t\t\t\t\t\t\tdata-border=\"bos:solid;boc:rgba(255,255,255,0.75);bow:3px,3px,3px,3px;bor:23px,23px,23px,23px;\"\n\t\t\t\t\t\t\t\tdata-frame_999=\"o:0;st:w;\"\n\t\t\t\t\t\t\t\tstyle=\"z-index:5;background-color:#ffffff;font-family:'Roboto';text-transform:uppercase;\"\n\t\t\t\t\t\t\t><span><\/span><span><\/span><span><\/span> \n\t\t\t\t\t\t\t<\/rs-layer><!--\n-->\t\t\t\t\t<\/rs-slide>\n\t\t\t\t\t<\/rs-slides>\n\t\t\t\t<\/rs-module>\n\t\t\t\t<script>\n\t\t\t\t\tsetREVStartSize({c: 'rev_slider_1_1',rl:[1240,1024,778,480],el:[900,768,960,720],gw:[1240,1024,778,480],gh:[900,768,960,720],type:'standard',justify:'',layout:'fullscreen',offsetContainer:'',offset:'',mh:\"0\"});if (window.RS_MODULES!==undefined && window.RS_MODULES.modules!==undefined && window.RS_MODULES.modules[\"revslider11\"]!==undefined) {window.RS_MODULES.modules[\"revslider11\"].once = false;window.revapi1 = undefined;if (window.RS_MODULES.checkMinimal!==undefined) window.RS_MODULES.checkMinimal()}\n\t\t\t\t<\/script>\n\t\t\t<\/rs-module-wrap>\n\t\t\t<!-- END REVOLUTION SLIDER -->\n[\/vc_column][\/vc_row][vc_row el_id=\u00a0\u00bbhotel\u00a0\u00bb][vc_column][vc_empty_space height=\u00a0\u00bb50px\u00a0\u00bb][vc_row_inner][vc_column_inner][vc_custom_heading text=\u00a0\u00bbDecouvrez le charme authentique de Saint-Tropez\u00a0\u00bb font_container=\u00a0\u00bbtag:h1|text_align:center|color:%23ffffff\u00a0\u00bb google_fonts=\u00a0\u00bbfont_family:Niconne%3Aregular|font_style:400%20regular%3A400%3Anormal\u00a0\u00bb css_animation=\u00a0\u00bbzoomIn\u00a0\u00bb][\/vc_column_inner][\/vc_row_inner][vc_empty_space height=\u00a0\u00bb50px\u00a0\u00bb][\/vc_column][\/vc_row][vc_row][vc_column width=\u00a0\u00bb2\/3&Prime;][vc_images_carousel images=\u00a0\u00bb217,345,214,215,342,348,339,336&Prime; img_size=\u00a0\u00bbfull\u00a0\u00bb onclick=\u00a0\u00bbkalium_lightbox\u00a0\u00bb speed=\u00a0\u00bb3500&Prime; autoplay=\u00a0\u00bbyes\u00a0\u00bb hide_pagination_control=\u00a0\u00bbyes\u00a0\u00bb wrap=\u00a0\u00bbyes\u00a0\u00bb][\/vc_column][vc_column width=\u00a0\u00bb1\/3&Prime;][vc_custom_heading text=\u00a0\u00bbNOTRE H\u00f4tel\u00a0\u00bb font_container=\u00a0\u00bbtag:h4|text_align:left|color:%23ffffff\u00a0\u00bb use_theme_fonts=\u00a0\u00bbyes\u00a0\u00bb css_animation=\u00a0\u00bbnone\u00a0\u00bb][vc_column_text css_animation=\u00a0\u00bbnone\u00a0\u00bb css=\u00a0\u00bb\u00a0\u00bb]<span style=\"color: #ffffff;\">Depuis les ann\u00e9es 1960, l\u2019H\u00f4tel La Belle Isnarde accueille ses h\u00f4tes dans une \u00e9l\u00e9gante demeure priv\u00e9e, nich\u00e9e au c\u0153ur d\u2019un parc m\u00e9diterran\u00e9en romantique.<\/span><br \/>\n<span style=\"color: #ffffff;\">En quelques minutes \u00e0 pied, vous rejoindrez la c\u00e9l\u00e8bre Place des Lices avec ses boutiques raffin\u00e9es, ses terrasses anim\u00e9es et le port mythique de Saint-Tropez.<\/span><br \/>\n<span style=\"color: #ffffff;\">Les c\u00e9l\u00e8bres plages de Pampelonne, et leurs mythiques beach-clubs, sont accessibles en seulement 10 minutes en voiture.<\/span><\/p>\n<p><span style=\"color: #ffffff;\">Notre h\u00f4tel propose 11 chambres uniques, toutes \u00e9quip\u00e9es d\u2019une salle de bain et de toilettes priv\u00e9es.<\/span><br \/>\n<span style=\"color: #ffffff;\">Quatre chambres disposent de la climatisation ; les autres sont \u00e9quip\u00e9es d\u2019un ventilateur.<\/span><\/p>\n<p><span style=\"color: #ffffff;\">Pour votre s\u00e9curit\u00e9, l&rsquo;entr\u00e9e de l&rsquo;h\u00f4tel ainsi que l&rsquo;acc\u00e8s au parking sont sous vid\u00e9osurveillance.<\/span><\/p>\n<p><span style=\"color: #ffffff;\">Nous avons le plaisir de vous accueillir du week-end de P\u00e2ques jusqu&rsquo;au 10 octobre \u2013 et sur demande \u00e9galement pendant la \u00ab\u00a0Braderie Trop\u00e9zienne\u00a0\u00bb \u00e0 la fin du mois d&rsquo;octobre.<\/span>[\/vc_column_text][\/vc_column][\/vc_row][vc_row el_id=\u00a0\u00bbrooms\u00a0\u00bb][vc_column][vc_empty_space height=\u00a0\u00bb50px\u00a0\u00bb][\/vc_column][\/vc_row][vc_row][vc_column width=\u00a0\u00bb2\/3&Prime;][vc_images_carousel images=\u00a0\u00bb324,333,330,327,321,318,315&Prime; img_size=\u00a0\u00bbfull\u00a0\u00bb onclick=\u00a0\u00bbkalium_lightbox\u00a0\u00bb speed=\u00a0\u00bb4000&Prime; autoplay=\u00a0\u00bbyes\u00a0\u00bb hide_pagination_control=\u00a0\u00bbyes\u00a0\u00bb wrap=\u00a0\u00bbyes\u00a0\u00bb css=\u00a0\u00bb\u00a0\u00bb][\/vc_column][vc_column width=\u00a0\u00bb1\/3&Prime;][vc_custom_heading text=\u00a0\u00bbNos chambres\u00a0\u00bb font_container=\u00a0\u00bbtag:h4|text_align:left|color:%23ffffff\u00a0\u00bb use_theme_fonts=\u00a0\u00bbyes\u00a0\u00bb css_animation=\u00a0\u00bbnone\u00a0\u00bb][vc_column_text css_animation=\u00a0\u00bbnone\u00a0\u00bb css=\u00a0\u00bb\u00a0\u00bb]<span style=\"color: #ffffff;\">Chacune de nos 11 chambres est d\u00e9cor\u00e9e avec soin et personnalit\u00e9.<\/span><br \/>\n<span style=\"color: #ffffff;\">Neuf chambres b\u00e9n\u00e9ficient de la climatisation, les autres sont \u00e9quip\u00e9es d&rsquo;un ventilateur.<\/span><br \/>\n<span style=\"color: #ffffff;\"><strong>Si vous souhaitez r\u00e9server une chambre climatis\u00e9e, merci de le pr\u00e9ciser lors de votre r\u00e9servation. <\/strong><strong>L\u2019attribution d\u00e9pend de la disponibilit\u00e9.<\/strong><\/span>[\/vc_column_text][\/vc_column][\/vc_row][vc_row el_id=\u00a0\u00bbrates\u00a0\u00bb][vc_column][vc_empty_space height=\u00a0\u00bb50px\u00a0\u00bb][\/vc_column][\/vc_row][vc_row][vc_column width=\u00a0\u00bb1\/3&Prime;][vc_custom_heading text=\u00a0\u00bbTARIFS 2025&Prime; font_container=\u00a0\u00bbtag:h4|text_align:left|color:%23ffffff\u00a0\u00bb use_theme_fonts=\u00a0\u00bbyes\u00a0\u00bb css_animation=\u00a0\u00bbnone\u00a0\u00bb css=\u00a0\u00bb\u00a0\u00bb][vc_column_text css_animation=\u00a0\u00bbnone\u00a0\u00bb css=\u00a0\u00bb\u00a0\u00bb]<\/p>\n<ul>\n<li><span style=\"color: #ffffff;\">Chambre pour 1 ou 2 personnes : <strong>150\u202f\u20ac \u00e0 170\u202f\u20ac<\/strong> par nuit.<\/span><\/li>\n<li><span style=\"color: #ffffff;\">Taxe de s\u00e9jour (Hospitality Tax) : <strong>6,91\u202f\u20ac<\/strong> par personne et par jour.<\/span><\/li>\n<li><span style=\"color: #ffffff;\">Petit-d\u00e9jeuner continental servi en terrasse ou en chambre : <strong>18\u202f\u20ac<\/strong> par personne.<\/span><\/li>\n<li><span style=\"color: #ffffff;\">Lit b\u00e9b\u00e9 : <strong>offert<\/strong>.<\/span><\/li>\n<li><span style=\"color: #ffffff;\">Lit suppl\u00e9mentaire : <strong>40\u202f\u20ac<\/strong> par nuit.<\/span><\/li>\n<\/ul>\n<p><span style=\"color: #ffffff;\">Tous les tarifs incluent la TVA.<\/span>[\/vc_column_text][vc_custom_heading text=\u00a0\u00bbSERVICES\u00a0\u00bb font_container=\u00a0\u00bbtag:h4|text_align:left|color:%23ffffff\u00a0\u00bb use_theme_fonts=\u00a0\u00bbyes\u00a0\u00bb css_animation=\u00a0\u00bbnone\u00a0\u00bb css=\u00a0\u00bb\u00a0\u00bb][vc_column_text css=\u00a0\u00bb\u00a0\u00bb]<\/p>\n<ul>\n<li><span style=\"color: #ffffff;\">Parking gratuit r\u00e9serv\u00e9 aux clients de l&rsquo;h\u00f4tel jusqu&rsquo;au jour du d\u00e9part.<\/span><\/li>\n<li><span style=\"color: #ffffff;\">Wi-Fi gratuit dans tout l&rsquo;\u00e9tablissement.<\/span><\/li>\n<li><span style=\"color: #ffffff;\">Petits animaux accept\u00e9s sur demande.<\/span><\/li>\n<\/ul>\n<p>[\/vc_column_text][\/vc_column][vc_column width=\u00a0\u00bb1\/3&Prime;][vc_custom_heading text=\u00a0\u00bbCONDITIONS DE R\u00c9SERVATION\u00a0\u00bb font_container=\u00a0\u00bbtag:h4|text_align:left|color:%23ffffff\u00a0\u00bb use_theme_fonts=\u00a0\u00bbyes\u00a0\u00bb css_animation=\u00a0\u00bbnone\u00a0\u00bb css=\u00a0\u00bb\u00a0\u00bb][vc_column_text css_animation=\u00a0\u00bbnone\u00a0\u00bb css=\u00a0\u00bb\u00a0\u00bb]<\/p>\n<ul>\n<li><span style=\"color: #ffffff;\">Les chambres sont disponibles de 15h00 le jour d\u2019arriv\u00e9e jusqu\u2019\u00e0 11h30 le jour du d\u00e9part.<\/span><\/li>\n<li><span style=\"color: #ffffff;\">Merci de nous pr\u00e9venir \u00e0 l\u2019avance en cas d\u2019arriv\u00e9e tardive.<\/span><\/li>\n<li><span style=\"color: #ffffff;\">La r\u00e9servation est confirm\u00e9e \u00e0 r\u00e9ception de l\u2019acompte.<\/span><\/li>\n<li><span style=\"color: #ffffff;\">Pour les s\u00e9jours de 1 \u00e0 3 nuits, l\u2019acompte correspond au tarif d&rsquo;une nuit.<\/span><\/li>\n<li><span style=\"color: #ffffff;\">Pour les s\u00e9jours de 4 nuits ou plus, l\u2019acompte repr\u00e9sente 30\u202f% du montant total.<\/span><\/li>\n<li><span style=\"color: #ffffff;\">Une confirmation \u00e9crite vous sera envoy\u00e9e par e-mail d\u00e8s r\u00e9ception de l\u2019acompte.<\/span><\/li>\n<li><span style=\"color: #ffffff;\"><strong>Merci d\u2019indiquer lors de votre r\u00e9servation si vous souhaitez une chambre climatis\u00e9e. <\/strong><strong>L&rsquo;attribution d\u00e9pend de la disponibilit\u00e9.<\/strong><\/span><\/li>\n<\/ul>\n<p>[\/vc_column_text][vc_custom_heading text=\u00a0\u00bbConditions de Paiement\u00a0\u00bb font_container=\u00a0\u00bbtag:h4|text_align:left|color:%23ffffff\u00a0\u00bb use_theme_fonts=\u00a0\u00bbyes\u00a0\u00bb css_animation=\u00a0\u00bbnone\u00a0\u00bb css=\u00a0\u00bb\u00a0\u00bb][vc_column_text css=\u00a0\u00bb\u00a0\u00bb]<\/p>\n<ul>\n<li><span style=\"color: #ffffff;\">Paiement uniquement <strong>en esp\u00e8ces et en euros<\/strong>.<\/span><\/li>\n<li><span style=\"color: #ffffff;\">Les cartes bancaires ne sont pas accept\u00e9es.<\/span><\/li>\n<li><span style=\"color: #ffffff;\">Les virements bancaires sont possibles avant l&rsquo;arriv\u00e9e.<\/span><\/li>\n<\/ul>\n<p>[\/vc_column_text][\/vc_column][vc_column width=\u00a0\u00bb1\/3&Prime;][vc_custom_heading text=\u00a0\u00bbCONDITIONS D&rsquo;ANNULATION\u00a0\u00bb font_container=\u00a0\u00bbtag:h4|text_align:left|color:%23ffffff\u00a0\u00bb use_theme_fonts=\u00a0\u00bbyes\u00a0\u00bb css_animation=\u00a0\u00bbnone\u00a0\u00bb css=\u00a0\u00bb\u00a0\u00bb][vc_column_text css_animation=\u00a0\u00bbnone\u00a0\u00bb css=\u00a0\u00bb\u00a0\u00bb]<\/p>\n<ul>\n<li><span style=\"color: #ffffff;\">Les annulations doivent \u00eatre envoy\u00e9es par e-mail ou par courrier postal.<\/span><\/li>\n<li><span style=\"color: #ffffff;\">Les s\u00e9jours annul\u00e9s ne peuvent pas \u00eatre report\u00e9s \u00e0 l\u2019ann\u00e9e suivante.<\/span><\/li>\n<li><span style=\"color: #ffffff;\"><strong>Remboursement int\u00e9gral<\/strong> de l&rsquo;acompte pour toute annulation jusqu\u2019\u00e0 15 jours avant l&rsquo;arriv\u00e9e.<\/span><\/li>\n<li><span style=\"color: #ffffff;\"><strong>Aucun remboursement<\/strong> de l&rsquo;acompte en cas d&rsquo;annulation dans les 15 jours pr\u00e9c\u00e9dant l&rsquo;arriv\u00e9e.<\/span><\/li>\n<li><span style=\"color: #ffffff;\">En cas de d\u00e9part anticip\u00e9, <strong>100\u202f% du s\u00e9jour r\u00e9serv\u00e9<\/strong> sera factur\u00e9.<\/span><\/li>\n<\/ul>\n<p>[\/vc_column_text][\/vc_column][\/vc_row][vc_row el_id=\u00a0\u00bbcontact\u00a0\u00bb][vc_column][vc_empty_space height=\u00a0\u00bb50px\u00a0\u00bb][\/vc_column][\/vc_row][vc_row][vc_column width=\u00a0\u00bb2\/3&Prime;][vc_gmaps link=\u00a0\u00bb#E-8_JTNDaWZyYW1lJTIwc3JjJTNEJTIyaHR0cHMlM0ElMkYlMkZ3d3cuZ29vZ2xlLmNvbSUyRm1hcHMlMkZlbWJlZCUzRnBiJTNEJTIxMW0xNCUyMTFtOCUyMTFtMyUyMTFkMTE2MjEuMjg1MDQzNDAwNzU4JTIxMmQ2LjY0NjIwMiUyMTNkNDMuMjY1NjQ1JTIxM20yJTIxMWkxMDI0JTIxMmk3NjglMjE0ZjEzLjElMjEzbTMlMjExbTIlMjExczB4MCUyNTNBMHgzNTczMTI2NTZhMWI1YTRjJTIxMnNIb3RlbCUyNTIwTGElMjUyMEJlbGxlJTI1MjBJc25hcmRlJTIxNWUwJTIxM20yJTIxMXNkZSUyMTJzZGUlMjE0djE2MjE4ODk2ODQyNTYlMjE1bTIlMjExc2RlJTIxMnNkZSUyMiUyMHdpZHRoJTNEJTIyNjAwJTIyJTIwaGVpZ2h0JTNEJTIyNDUwJTIyJTIwc3R5bGUlM0QlMjJib3JkZXIlM0EwJTNCJTIyJTIwYWxsb3dmdWxsc2NyZWVuJTNEJTIyJTIyJTIwbG9hZGluZyUzRCUyMmxhenklMjIlM0UlM0MlMkZpZnJhbWUlM0U=\u00a0\u00bb][\/vc_column][vc_column width=\u00a0\u00bb1\/3&Prime;][vc_custom_heading text=\u00a0\u00bbCONTACT\u00a0\u00bb font_container=\u00a0\u00bbtag:h4|text_align:left|color:%23ffffff\u00a0\u00bb use_theme_fonts=\u00a0\u00bbyes\u00a0\u00bb css_animation=\u00a0\u00bbnone\u00a0\u00bb][vc_column_text css=\u00a0\u00bb\u00a0\u00bb]<span style=\"color: #ffffff;\"><strong>H\u00d4TEL LA BELLE ISNARDE<\/strong><\/span><br \/>\n<span style=\"color: #ffffff;\">Madame Christine Robert<\/span><br \/>\n<span style=\"color: #ffffff;\">29 Chemin de La Belle Isnarde<\/span><br \/>\n<span style=\"color: #ffffff;\">83990 Saint-Tropez, France<\/span><br \/>\n<span style=\"color: #ffffff;\">T\u00e9l\u00e9phone : +33 4 94 97 13 64<\/span><br \/>\n<span style=\"color: #ffffff;\">E-mail : info@hotel-labelleisnarde.com<\/span>[\/vc_column_text][\/vc_column][\/vc_row]<\/p>\n<\/div>","protected":false},"excerpt":{"rendered":"<p>[vc_row][vc_column][\/vc_column][\/vc_row][vc_row el_id=\u00a0\u00bbhotel\u00a0\u00bb][vc_column][vc_empty_space height=\u00a0\u00bb50px\u00a0\u00bb][vc_row_inner][vc_column_inner][vc_custom_heading text=\u00a0\u00bbDecouvrez le charme authentique de Saint-Tropez\u00a0\u00bb font_container=\u00a0\u00bbtag:h1|text_align:center|color:%23ffffff\u00a0\u00bb google_fonts=\u00a0\u00bbfont_family:Niconne%3Aregular|font_style:400%20regular%3A400%3Anormal\u00a0\u00bb css_animation=\u00a0\u00bbzoomIn\u00a0\u00bb][\/vc_column_inner][\/vc_row_inner][vc_empty_space height=\u00a0\u00bb50px\u00a0\u00bb][\/vc_column][\/vc_row][vc_row][vc_column width=\u00a0\u00bb2\/3&Prime;][vc_images_carousel images=\u00a0\u00bb217,345,214,215,342,348,339,336&Prime; img_size=\u00a0\u00bbfull\u00a0\u00bb onclick=\u00a0\u00bbkalium_lightbox\u00a0\u00bb speed=\u00a0\u00bb3500&Prime; autoplay=\u00a0\u00bbyes\u00a0\u00bb hide_pagination_control=\u00a0\u00bbyes\u00a0\u00bb wrap=\u00a0\u00bbyes\u00a0\u00bb][\/vc_column][vc_column width=\u00a0\u00bb1\/3&Prime;][vc_custom_heading text=\u00a0\u00bbNOTRE H\u00f4tel\u00a0\u00bb font_container=\u00a0\u00bbtag:h4|text_align:left|color:%23ffffff\u00a0\u00bb use_theme_fonts=\u00a0\u00bbyes\u00a0\u00bb css_animation=\u00a0\u00bbnone\u00a0\u00bb][vc_column_text css_animation=\u00a0\u00bbnone\u00a0\u00bb css=\u00a0\u00bb\u00a0\u00bb]Depuis les ann\u00e9es 1960, l\u2019H\u00f4tel La Belle Isnarde accueille ses h\u00f4tes dans une \u00e9l\u00e9gante demeure priv\u00e9e, nich\u00e9e au c\u0153ur d\u2019un parc m\u00e9diterran\u00e9en romantique. En quelques minutes \u00e0&hellip;<\/p>\n","protected":false},"author":1,"featured_media":0,"parent":0,"menu_order":0,"comment_status":"closed","ping_status":"closed","template":"","meta":{"_acf_changed":false,"footnotes":""},"class_list":["post-211","page","type-page","status-publish","hentry"],"acf":[],"yoast_head":"<!-- This site is optimized with the Yoast SEO plugin v27.5 - https:\/\/yoast.com\/product\/yoast-seo-wordpress\/ -->\n<title>H\u00f4tel La Belle Isnarde \u2013 Votre havre de paix \u00e0 Saint-Tropez<\/title>\n<meta name=\"description\" content=\"S\u00e9journez \u00e0 l\u2019H\u00f4tel La Belle Isnarde : chambres \u00e9l\u00e9gantes, parc romantique, Wi-Fi gratuit, parking priv\u00e9. \u00c0 deux pas de la Place des Lices et du port !\" \/>\n<meta name=\"robots\" content=\"index, follow, max-snippet:-1, max-image-preview:large, max-video-preview:-1\" \/>\n<link rel=\"canonical\" href=\"https:\/\/la-belle-isnarde.com\/fr\" \/>\n<meta property=\"og:locale\" content=\"fr_FR\" \/>\n<meta property=\"og:type\" content=\"article\" \/>\n<meta property=\"og:title\" content=\"H\u00f4tel La Belle Isnarde \u2013 Votre havre de paix \u00e0 Saint-Tropez\" \/>\n<meta property=\"og:description\" content=\"S\u00e9journez \u00e0 l\u2019H\u00f4tel La Belle Isnarde : chambres \u00e9l\u00e9gantes, parc romantique, Wi-Fi gratuit, parking priv\u00e9. \u00c0 deux pas de la Place des Lices et du port !\" \/>\n<meta property=\"og:url\" content=\"https:\/\/la-belle-isnarde.com\/fr\" \/>\n<meta property=\"og:site_name\" content=\"Hotel La Belle Isnarde\" \/>\n<meta property=\"article:modified_time\" content=\"2026-05-01T11:00:18+00:00\" \/>\n<meta name=\"twitter:card\" content=\"summary_large_image\" \/>\n<meta name=\"twitter:label1\" content=\"Dur\u00e9e de lecture estim\u00e9e\" \/>\n\t<meta name=\"twitter:data1\" content=\"5 minutes\" \/>\n<script type=\"application\/ld+json\" class=\"yoast-schema-graph\">{\"@context\":\"https:\\\/\\\/schema.org\",\"@graph\":[{\"@type\":\"WebPage\",\"@id\":\"https:\\\/\\\/la-belle-isnarde.com\\\/fr\",\"url\":\"https:\\\/\\\/la-belle-isnarde.com\\\/fr\",\"name\":\"H\u00f4tel La Belle Isnarde \u2013 Votre havre de paix \u00e0 Saint-Tropez\",\"isPartOf\":{\"@id\":\"https:\\\/\\\/la-belle-isnarde.com\\\/fr#website\"},\"datePublished\":\"2021-06-21T19:06:46+00:00\",\"dateModified\":\"2026-05-01T11:00:18+00:00\",\"description\":\"S\u00e9journez \u00e0 l\u2019H\u00f4tel La Belle Isnarde : chambres \u00e9l\u00e9gantes, parc romantique, Wi-Fi gratuit, parking priv\u00e9. \u00c0 deux pas de la Place des Lices et du port !\",\"breadcrumb\":{\"@id\":\"https:\\\/\\\/la-belle-isnarde.com\\\/fr#breadcrumb\"},\"inLanguage\":\"fr-FR\",\"potentialAction\":[{\"@type\":\"ReadAction\",\"target\":[\"https:\\\/\\\/la-belle-isnarde.com\\\/fr\"]}]},{\"@type\":\"BreadcrumbList\",\"@id\":\"https:\\\/\\\/la-belle-isnarde.com\\\/fr#breadcrumb\",\"itemListElement\":[{\"@type\":\"ListItem\",\"position\":1,\"name\":\"Startseite\",\"item\":\"https:\\\/\\\/la-belle-isnarde.com\\\/fr\"},{\"@type\":\"ListItem\",\"position\":2,\"name\":\"Welcome\"}]},{\"@type\":\"WebSite\",\"@id\":\"https:\\\/\\\/la-belle-isnarde.com\\\/fr#website\",\"url\":\"https:\\\/\\\/la-belle-isnarde.com\\\/fr\",\"name\":\"Hotel La Belle Isnarde\",\"description\":\"\",\"potentialAction\":[{\"@type\":\"SearchAction\",\"target\":{\"@type\":\"EntryPoint\",\"urlTemplate\":\"https:\\\/\\\/la-belle-isnarde.com\\\/fr?s={search_term_string}\"},\"query-input\":{\"@type\":\"PropertyValueSpecification\",\"valueRequired\":true,\"valueName\":\"search_term_string\"}}],\"inLanguage\":\"fr-FR\"}]}<\/script>\n<!-- \/ Yoast SEO plugin. -->","yoast_head_json":{"title":"H\u00f4tel La Belle Isnarde \u2013 Votre havre de paix \u00e0 Saint-Tropez","description":"S\u00e9journez \u00e0 l\u2019H\u00f4tel La Belle Isnarde : chambres \u00e9l\u00e9gantes, parc romantique, Wi-Fi gratuit, parking priv\u00e9. \u00c0 deux pas de la Place des Lices et du port !","robots":{"index":"index","follow":"follow","max-snippet":"max-snippet:-1","max-image-preview":"max-image-preview:large","max-video-preview":"max-video-preview:-1"},"canonical":"https:\/\/la-belle-isnarde.com\/fr","og_locale":"fr_FR","og_type":"article","og_title":"H\u00f4tel La Belle Isnarde \u2013 Votre havre de paix \u00e0 Saint-Tropez","og_description":"S\u00e9journez \u00e0 l\u2019H\u00f4tel La Belle Isnarde : chambres \u00e9l\u00e9gantes, parc romantique, Wi-Fi gratuit, parking priv\u00e9. \u00c0 deux pas de la Place des Lices et du port !","og_url":"https:\/\/la-belle-isnarde.com\/fr","og_site_name":"Hotel La Belle Isnarde","article_modified_time":"2026-05-01T11:00:18+00:00","twitter_card":"summary_large_image","twitter_misc":{"Dur\u00e9e de lecture estim\u00e9e":"5 minutes"},"schema":{"@context":"https:\/\/schema.org","@graph":[{"@type":"WebPage","@id":"https:\/\/la-belle-isnarde.com\/fr","url":"https:\/\/la-belle-isnarde.com\/fr","name":"H\u00f4tel La Belle Isnarde \u2013 Votre havre de paix \u00e0 Saint-Tropez","isPartOf":{"@id":"https:\/\/la-belle-isnarde.com\/fr#website"},"datePublished":"2021-06-21T19:06:46+00:00","dateModified":"2026-05-01T11:00:18+00:00","description":"S\u00e9journez \u00e0 l\u2019H\u00f4tel La Belle Isnarde : chambres \u00e9l\u00e9gantes, parc romantique, Wi-Fi gratuit, parking priv\u00e9. \u00c0 deux pas de la Place des Lices et du port !","breadcrumb":{"@id":"https:\/\/la-belle-isnarde.com\/fr#breadcrumb"},"inLanguage":"fr-FR","potentialAction":[{"@type":"ReadAction","target":["https:\/\/la-belle-isnarde.com\/fr"]}]},{"@type":"BreadcrumbList","@id":"https:\/\/la-belle-isnarde.com\/fr#breadcrumb","itemListElement":[{"@type":"ListItem","position":1,"name":"Startseite","item":"https:\/\/la-belle-isnarde.com\/fr"},{"@type":"ListItem","position":2,"name":"Welcome"}]},{"@type":"WebSite","@id":"https:\/\/la-belle-isnarde.com\/fr#website","url":"https:\/\/la-belle-isnarde.com\/fr","name":"Hotel La Belle Isnarde","description":"","potentialAction":[{"@type":"SearchAction","target":{"@type":"EntryPoint","urlTemplate":"https:\/\/la-belle-isnarde.com\/fr?s={search_term_string}"},"query-input":{"@type":"PropertyValueSpecification","valueRequired":true,"valueName":"search_term_string"}}],"inLanguage":"fr-FR"}]}},"_links":{"self":[{"href":"https:\/\/la-belle-isnarde.com\/fr\/wp-json\/wp\/v2\/pages\/211","targetHints":{"allow":["GET"]}}],"collection":[{"href":"https:\/\/la-belle-isnarde.com\/fr\/wp-json\/wp\/v2\/pages"}],"about":[{"href":"https:\/\/la-belle-isnarde.com\/fr\/wp-json\/wp\/v2\/types\/page"}],"author":[{"embeddable":true,"href":"https:\/\/la-belle-isnarde.com\/fr\/wp-json\/wp\/v2\/users\/1"}],"replies":[{"embeddable":true,"href":"https:\/\/la-belle-isnarde.com\/fr\/wp-json\/wp\/v2\/comments?post=211"}],"version-history":[{"count":18,"href":"https:\/\/la-belle-isnarde.com\/fr\/wp-json\/wp\/v2\/pages\/211\/revisions"}],"predecessor-version":[{"id":433,"href":"https:\/\/la-belle-isnarde.com\/fr\/wp-json\/wp\/v2\/pages\/211\/revisions\/433"}],"wp:attachment":[{"href":"https:\/\/la-belle-isnarde.com\/fr\/wp-json\/wp\/v2\/media?parent=211"}],"curies":[{"name":"wp","href":"https:\/\/api.w.org\/{rel}","templated":true}]}}